{"id":4044,"date":"2021-11-03T21:56:29","date_gmt":"2021-11-04T00:56:29","guid":{"rendered":"https:\/\/www.microclima.com.br\/?page_id=4044"},"modified":"2021-11-04T23:08:19","modified_gmt":"2021-11-05T02:08:19","slug":"manutencao-de-ar-condicionado-2","status":"publish","type":"page","link":"https:\/\/microclima.com.br\/index.php\/manutencao-de-ar-condicionado-2\/","title":{"rendered":"MANUTEN\u00c7\u00c3O DE AR CONDICIONADO"},"content":{"rendered":"\t\t<div data-elementor-type=\"wp-page\" data-elementor-id=\"4044\" class=\"elementor elementor-4044\" data-elementor-settings=\"[]\">\n\t\t\t\t\t\t<div class=\"elementor-inner\">\n\t\t\t\t\t\t\t<div class=\"elementor-section-wrap\">\n\t\t\t\t\t\t\t<section class=\"elementor-section elementor-top-section elementor-element elementor-element-553cb35 elementor-section-boxed elementor-section-height-default elementor-section-height-default\" data-id=\"553cb35\" data-element_type=\"section\">\n\t\t\t\t\t\t<div class=\"elementor-container elementor-column-gap-default\">\n\t\t\t\t\t\t\t<div class=\"elementor-row\">\n\t\t\t\t\t<div class=\"elementor-column elementor-col-100 elementor-top-column elementor-element elementor-element-36660f5\" data-id=\"36660f5\" data-element_type=\"column\">\n\t\t\t<div class=\"elementor-column-wrap elementor-element-populated\">\n\t\t\t\t\t\t\t<div class=\"elementor-widget-wrap\">\n\t\t\t\t\t\t<div class=\"elementor-element elementor-element-fb7a9f3 elementor-widget elementor-widget-heading\" data-id=\"fb7a9f3\" data-element_type=\"widget\" data-widget_type=\"heading.default\">\n\t\t\t\t<div class=\"elementor-widget-container\">\n\t\t\t<h2 class=\"elementor-heading-title elementor-size-default\">Manuten\u00e7\u00e3o de Ar Condicionado<\/h2>\t\t<\/div>\n\t\t\t\t<\/div>\n\t\t\t\t<div class=\"elementor-element elementor-element-5f6ca92 elementor-invisible elementor-widget elementor-widget-heading\" data-id=\"5f6ca92\" data-element_type=\"widget\" data-settings=\"{&quot;motion_fx_motion_fx_mouse&quot;:&quot;yes&quot;,&quot;_animation&quot;:&quot;fadeIn&quot;}\" data-widget_type=\"heading.default\">\n\t\t\t\t<div class=\"elementor-widget-container\">\n\t\t\t<h5 class=\"elementor-heading-title elementor-size-default\"><a href=\"#teste\">Saiba a import\u00e2ncia de realizar uma manuten\u00e7\u00e3o preventiva regular.<\/a><\/h5>\t\t<\/div>\n\t\t\t\t<\/div>\n\t\t\t\t<section class=\"elementor-section elementor-inner-section elementor-element elementor-element-8bbfbe5 elementor-section-full_width elementor-section-height-default elementor-section-height-default\" data-id=\"8bbfbe5\" data-element_type=\"section\">\n\t\t\t\t\t\t<div class=\"elementor-container elementor-column-gap-default\">\n\t\t\t\t\t\t\t<div class=\"elementor-row\">\n\t\t\t\t\t<div class=\"elementor-column elementor-col-100 elementor-inner-column elementor-element elementor-element-66a4c36\" data-id=\"66a4c36\" data-element_type=\"column\">\n\t\t\t<div class=\"elementor-column-wrap elementor-element-populated\">\n\t\t\t\t\t\t\t<div class=\"elementor-widget-wrap\">\n\t\t\t\t\t\t<div class=\"elementor-element elementor-element-ff139c2 elementor-widget elementor-widget-image\" data-id=\"ff139c2\" data-element_type=\"widget\" data-widget_type=\"image.default\">\n\t\t\t\t<div class=\"elementor-widget-container\">\n\t\t\t\t\t\t\t\t<div class=\"elementor-image\">\n\t\t\t\t\t\t\t\t\t\t\t\t<img loading=\"lazy\" decoding=\"async\" width=\"1536\" height=\"607\" src=\"https:\/\/microclima.com.br\/wp-content\/uploads\/2021\/10\/instalacao-1536x607.jpg\" class=\"attachment-1536x1536 size-1536x1536\" alt=\"\" srcset=\"https:\/\/microclima.com.br\/wp-content\/uploads\/2021\/10\/instalacao-1536x607.jpg 1536w, https:\/\/microclima.com.br\/wp-content\/uploads\/2021\/10\/instalacao-300x119.jpg 300w, https:\/\/microclima.com.br\/wp-content\/uploads\/2021\/10\/instalacao-1024x405.jpg 1024w, https:\/\/microclima.com.br\/wp-content\/uploads\/2021\/10\/instalacao-768x304.jpg 768w, https:\/\/microclima.com.br\/wp-content\/uploads\/2021\/10\/instalacao-570x225.jpg 570w, https:\/\/microclima.com.br\/wp-content\/uploads\/2021\/10\/instalacao-380x150.jpg 380w, https:\/\/microclima.com.br\/wp-content\/uploads\/2021\/10\/instalacao-296x117.jpg 296w, https:\/\/microclima.com.br\/wp-content\/uploads\/2021\/10\/instalacao.jpg 1920w\" sizes=\"auto, (max-width: 1536px) 100vw, 1536px\" \/>\t\t\t\t\t\t\t\t\t\t\t\t\t\t<\/div>\n\t\t\t\t\t\t<\/div>\n\t\t\t\t<\/div>\n\t\t\t\t\t\t<\/div>\n\t\t\t\t\t<\/div>\n\t\t<\/div>\n\t\t\t\t\t\t\t\t<\/div>\n\t\t\t\t\t<\/div>\n\t\t<\/section>\n\t\t\t\t\t\t<\/div>\n\t\t\t\t\t<\/div>\n\t\t<\/div>\n\t\t\t\t\t\t\t\t<\/div>\n\t\t\t\t\t<\/div>\n\t\t<\/section>\n\t\t\t\t<section class=\"elementor-section elementor-top-section elementor-element elementor-element-dd2963a elementor-section-boxed elementor-section-height-default elementor-section-height-default\" data-id=\"dd2963a\" data-element_type=\"section\">\n\t\t\t\t\t\t<div class=\"elementor-container elementor-column-gap-default\">\n\t\t\t\t\t\t\t<div class=\"elementor-row\">\n\t\t\t\t\t<div class=\"elementor-column elementor-col-100 elementor-top-column elementor-element elementor-element-fefa27a\" data-id=\"fefa27a\" data-element_type=\"column\">\n\t\t\t<div class=\"elementor-column-wrap elementor-element-populated\">\n\t\t\t\t\t\t\t<div class=\"elementor-widget-wrap\">\n\t\t\t\t\t\t<section class=\"elementor-section elementor-inner-section elementor-element elementor-element-416c4ec elementor-section-boxed elementor-section-height-default elementor-section-height-default\" data-id=\"416c4ec\" data-element_type=\"section\">\n\t\t\t\t\t\t<div class=\"elementor-container elementor-column-gap-default\">\n\t\t\t\t\t\t\t<div class=\"elementor-row\">\n\t\t\t\t\t<div class=\"elementor-column elementor-col-33 elementor-inner-column elementor-element elementor-element-856b16d\" data-id=\"856b16d\" data-element_type=\"column\">\n\t\t\t<div class=\"elementor-column-wrap\">\n\t\t\t\t\t\t\t<div class=\"elementor-widget-wrap\">\n\t\t\t\t\t\t\t\t<\/div>\n\t\t\t\t\t<\/div>\n\t\t<\/div>\n\t\t\t\t<div class=\"elementor-column elementor-col-33 elementor-inner-column elementor-element elementor-element-228381e\" data-id=\"228381e\" data-element_type=\"column\">\n\t\t\t<div class=\"elementor-column-wrap elementor-element-populated\">\n\t\t\t\t\t\t\t<div class=\"elementor-widget-wrap\">\n\t\t\t\t\t\t<div class=\"elementor-element elementor-element-ab9ef21 elementor-widget elementor-widget-heading\" data-id=\"ab9ef21\" data-element_type=\"widget\" data-widget_type=\"heading.default\">\n\t\t\t\t<div class=\"elementor-widget-container\">\n\t\t\t<h3 class=\"elementor-heading-title elementor-size-default\">Adicione o texto do seu t\u00edtulo aqui<\/h3>\t\t<\/div>\n\t\t\t\t<\/div>\n\t\t\t\t\t\t<\/div>\n\t\t\t\t\t<\/div>\n\t\t<\/div>\n\t\t\t\t<div class=\"elementor-column elementor-col-33 elementor-inner-column elementor-element elementor-element-f67574f\" data-id=\"f67574f\" data-element_type=\"column\">\n\t\t\t<div class=\"elementor-column-wrap\">\n\t\t\t\t\t\t\t<div class=\"elementor-widget-wrap\">\n\t\t\t\t\t\t\t\t<\/div>\n\t\t\t\t\t<\/div>\n\t\t<\/div>\n\t\t\t\t\t\t\t\t<\/div>\n\t\t\t\t\t<\/div>\n\t\t<\/section>\n\t\t\t\t\t\t<\/div>\n\t\t\t\t\t<\/div>\n\t\t<\/div>\n\t\t\t\t\t\t\t\t<\/div>\n\t\t\t\t\t<\/div>\n\t\t<\/section>\n\t\t\t\t<section class=\"elementor-section elementor-top-section elementor-element elementor-element-5c547fb elementor-section-boxed elementor-section-height-default elementor-section-height-default\" data-id=\"5c547fb\" data-element_type=\"section\" data-settings=\"{&quot;background_background&quot;:&quot;classic&quot;}\">\n\t\t\t\t\t\t<div class=\"elementor-container elementor-column-gap-default\">\n\t\t\t\t\t\t\t<div class=\"elementor-row\">\n\t\t\t\t\t<div class=\"elementor-column elementor-col-100 elementor-top-column elementor-element elementor-element-6e51068\" data-id=\"6e51068\" data-element_type=\"column\">\n\t\t\t<div class=\"elementor-column-wrap elementor-element-populated\">\n\t\t\t\t\t\t\t<div class=\"elementor-widget-wrap\">\n\t\t\t\t\t\t<section class=\"elementor-section elementor-inner-section elementor-element elementor-element-d7a2edc elementor-section-boxed elementor-section-height-default elementor-section-height-default\" data-id=\"d7a2edc\" data-element_type=\"section\">\n\t\t\t\t\t\t<div class=\"elementor-container elementor-column-gap-default\">\n\t\t\t\t\t\t\t<div class=\"elementor-row\">\n\t\t\t\t\t<div class=\"elementor-column elementor-col-100 elementor-inner-column elementor-element elementor-element-9065905\" data-id=\"9065905\" data-element_type=\"column\">\n\t\t\t<div class=\"elementor-column-wrap elementor-element-populated\">\n\t\t\t\t\t\t\t<div class=\"elementor-widget-wrap\">\n\t\t\t\t\t\t<div class=\"elementor-element elementor-element-8ae2519 elementor-widget elementor-widget-text-editor\" data-id=\"8ae2519\" data-element_type=\"widget\" data-widget_type=\"text-editor.default\">\n\t\t\t\t<div class=\"elementor-widget-container\">\n\t\t\t\t\t\t\t\t<div class=\"elementor-text-editor elementor-clearfix\">\n\t\t\t\t<p><span style=\"font-family: teko; font-size: 30px; color: #fff; text-transform: uppercase;\">Manuten\u00e7\u00e3o<\/span><\/p><p>Comprar um ar condicionado de qualidade, proporciona\u00a0maior conforto para voc\u00ea e toda sua fam\u00edlia, por\u00e9m\u00a0\u00e9 importante pensar em realizar uma manuten\u00e7\u00e3o preventiva regular para garantir esse conforto durante o ano todo.<\/p><p>A Manuten\u00e7\u00e3o Preventiva de Ar Condicionado com equipe t\u00e9cnica credenciada\u00a0especializada, traz a certeza de um bom funcionamento e valida\u00e7\u00e3o da garantia do fabricante. Pense bem antes de contratar um t\u00e9cnico. \u00a0\u200b<\/p><p>Possu\u00edmos equipe t\u00e9cnica especializada, qualificadas e com o padr\u00e3o Microclima, h\u00e1 mais de duas d\u00e9cadas de experi\u00eancia no mercado e com know-how t\u00e9cnico de mais de 30 anos.<\/p><p>Realizamos Manuten\u00e7\u00e3o Preventiva de Ar Condicionado em\u00a0todos os tipos de sistema de ar condicionado, como os Sistemas Multi-Split, Split Convencional, Split Inverter, Central, Sistemas\u00a0Fan-coil,\u00a0Dutos e sistema VRF.<\/p><p>Os sistemas de ar condicionado possuem duas partes de v\u00e1rios sistemas internos que fazem a liga\u00e7\u00e3o entre as partes. Quando ocorre algum tipo de problema ou mau funcionamento do aparelho, alguns pontos espec\u00edficos devem ser observados. Os t\u00e9cnicos analisar\u00e3o a parte externa(unidade condensadora) e a parte interna(unidade evaporadora). Com isso eles ter\u00e3o o primeiro diagn\u00f3stico se o problema est\u00e1 na parte de dentro ou de fora do aparelho.<\/p><p>Outro ponto \u00e9 o local onde foi instalado. \u00c9 importante que o aparelho seja instalado em local apropriado para que tenha o melhor desempenho. Uma m\u00e1 escolha das posi\u00e7\u00f5es pode gerar estrangulamento dos tubos, o vazamento dos flu\u00eddos ou uma drenagem insuficiente. Isso tudo pode colocar em risco a durabilidade do aparelho e a efici\u00eancia da climatiza\u00e7\u00e3o.<\/p><p>Os profissionais da Microclima foram capacitados para localizar exatamente o local do problema e realizar a manuten\u00e7\u00e3o caso seja um problema el\u00e9trico no aparelho.<\/p><p>A Microclima tamb\u00e9m faz a instala\u00e7\u00e3o, a venda de materiais para instala\u00e7\u00e3o, sempre sob as normas do contrato de PMOC.<\/p><p>Entre em contato\u00a0conosco e agende uma visita.<\/p>\t\t\t\t\t<\/div>\n\t\t\t\t\t\t<\/div>\n\t\t\t\t<\/div>\n\t\t\t\t\t\t<\/div>\n\t\t\t\t\t<\/div>\n\t\t<\/div>\n\t\t\t\t\t\t\t\t<\/div>\n\t\t\t\t\t<\/div>\n\t\t<\/section>\n\t\t\t\t\t\t<\/div>\n\t\t\t\t\t<\/div>\n\t\t<\/div>\n\t\t\t\t\t\t\t\t<\/div>\n\t\t\t\t\t<\/div>\n\t\t<\/section>\n\t\t\t\t\t\t<\/div>\n\t\t\t\t\t\t<\/div>\n\t\t\t\t\t<\/div>\n\t\t","protected":false},"excerpt":{"rendered":"<p>Manuten\u00e7\u00e3o de Ar Condicionado Saiba a import\u00e2ncia de realizar uma manuten\u00e7\u00e3o preventiva regular. Adicione o texto do seu t\u00edtulo aqui Manuten\u00e7\u00e3o Comprar um ar condicionado de qualidade, proporciona\u00a0maior conforto para voc\u00ea e toda sua fam\u00edlia, por\u00e9m\u00a0\u00e9 importante pensar em realizar uma manuten\u00e7\u00e3o preventiva regular para garantir esse conforto durante o ano todo. A Manuten\u00e7\u00e3o Preventiva [&hellip;]<\/p>\n","protected":false},"author":1,"featured_media":0,"parent":0,"menu_order":0,"comment_status":"closed","ping_status":"closed","template":"elementor_header_footer","meta":{"footnotes":""},"class_list":["post-4044","page","type-page","status-publish","hentry"],"_links":{"self":[{"href":"https:\/\/microclima.com.br\/index.php\/wp-json\/wp\/v2\/pages\/4044","targetHints":{"allow":["GET"]}}],"collection":[{"href":"https:\/\/microclima.com.br\/index.php\/wp-json\/wp\/v2\/pages"}],"about":[{"href":"https:\/\/microclima.com.br\/index.php\/wp-json\/wp\/v2\/types\/page"}],"author":[{"embeddable":true,"href":"https:\/\/microclima.com.br\/index.php\/wp-json\/wp\/v2\/users\/1"}],"replies":[{"embeddable":true,"href":"https:\/\/microclima.com.br\/index.php\/wp-json\/wp\/v2\/comments?post=4044"}],"version-history":[{"count":8,"href":"https:\/\/microclima.com.br\/index.php\/wp-json\/wp\/v2\/pages\/4044\/revisions"}],"predecessor-version":[{"id":4266,"href":"https:\/\/microclima.com.br\/index.php\/wp-json\/wp\/v2\/pages\/4044\/revisions\/4266"}],"wp:attachment":[{"href":"https:\/\/microclima.com.br\/index.php\/wp-json\/wp\/v2\/media?parent=4044"}],"curies":[{"name":"wp","href":"https:\/\/api.w.org\/{rel}","templated":true}]}}