{"id":4038,"date":"2021-11-03T21:52:15","date_gmt":"2021-11-04T00:52:15","guid":{"rendered":"https:\/\/www.microclima.com.br\/?page_id=4038"},"modified":"2021-11-03T21:54:50","modified_gmt":"2021-11-04T00:54:50","slug":"instalacao-de-ar-condicionado-2","status":"publish","type":"page","link":"https:\/\/microclima.com.br\/index.php\/instalacao-de-ar-condicionado-2\/","title":{"rendered":"INSTALA\u00c7\u00c3O DE AR CONDICIONADO"},"content":{"rendered":"\t\t<div data-elementor-type=\"wp-page\" data-elementor-id=\"4038\" class=\"elementor elementor-4038\" data-elementor-settings=\"[]\">\n\t\t\t\t\t\t<div class=\"elementor-inner\">\n\t\t\t\t\t\t\t<div class=\"elementor-section-wrap\">\n\t\t\t\t\t\t\t<section class=\"elementor-section elementor-top-section elementor-element elementor-element-e45cfdd elementor-section-boxed elementor-section-height-default elementor-section-height-default\" data-id=\"e45cfdd\" data-element_type=\"section\">\n\t\t\t\t\t\t<div class=\"elementor-container elementor-column-gap-default\">\n\t\t\t\t\t\t\t<div class=\"elementor-row\">\n\t\t\t\t\t<div class=\"elementor-column elementor-col-100 elementor-top-column elementor-element elementor-element-c0c7054\" data-id=\"c0c7054\" data-element_type=\"column\">\n\t\t\t<div class=\"elementor-column-wrap elementor-element-populated\">\n\t\t\t\t\t\t\t<div class=\"elementor-widget-wrap\">\n\t\t\t\t\t\t<div class=\"elementor-element elementor-element-479134c elementor-widget elementor-widget-heading\" data-id=\"479134c\" data-element_type=\"widget\" data-widget_type=\"heading.default\">\n\t\t\t\t<div class=\"elementor-widget-container\">\n\t\t\t<h2 class=\"elementor-heading-title elementor-size-default\">instala\u00e7\u00e3o de Ar Condicionado<\/h2>\t\t<\/div>\n\t\t\t\t<\/div>\n\t\t\t\t<div class=\"elementor-element elementor-element-b5da146 elementor-invisible elementor-widget elementor-widget-heading\" data-id=\"b5da146\" data-element_type=\"widget\" data-settings=\"{&quot;motion_fx_motion_fx_mouse&quot;:&quot;yes&quot;,&quot;_animation&quot;:&quot;fadeIn&quot;}\" data-widget_type=\"heading.default\">\n\t\t\t\t<div class=\"elementor-widget-container\">\n\t\t\t<h5 class=\"elementor-heading-title elementor-size-default\"><a href=\"#teste\">Um bom equipamento exige equipe\u00a0qualificada para instala\u00e7\u00e3o.<\/a><\/h5>\t\t<\/div>\n\t\t\t\t<\/div>\n\t\t\t\t<section class=\"elementor-section elementor-inner-section elementor-element elementor-element-22f589a elementor-section-full_width elementor-section-height-default elementor-section-height-default\" data-id=\"22f589a\" data-element_type=\"section\">\n\t\t\t\t\t\t<div class=\"elementor-container elementor-column-gap-default\">\n\t\t\t\t\t\t\t<div class=\"elementor-row\">\n\t\t\t\t\t<div class=\"elementor-column elementor-col-100 elementor-inner-column elementor-element elementor-element-6ba407f\" data-id=\"6ba407f\" data-element_type=\"column\">\n\t\t\t<div class=\"elementor-column-wrap elementor-element-populated\">\n\t\t\t\t\t\t\t<div class=\"elementor-widget-wrap\">\n\t\t\t\t\t\t<div class=\"elementor-element elementor-element-dd62112 elementor-widget elementor-widget-image\" data-id=\"dd62112\" data-element_type=\"widget\" data-widget_type=\"image.default\">\n\t\t\t\t<div class=\"elementor-widget-container\">\n\t\t\t\t\t\t\t\t<div class=\"elementor-image\">\n\t\t\t\t\t\t\t\t\t\t\t\t<img loading=\"lazy\" decoding=\"async\" width=\"1536\" height=\"607\" src=\"https:\/\/microclima.com.br\/wp-content\/uploads\/2021\/10\/instalacao_2-1536x607.jpg\" class=\"attachment-1536x1536 size-1536x1536\" alt=\"\" srcset=\"https:\/\/microclima.com.br\/wp-content\/uploads\/2021\/10\/instalacao_2-1536x607.jpg 1536w, https:\/\/microclima.com.br\/wp-content\/uploads\/2021\/10\/instalacao_2-300x119.jpg 300w, https:\/\/microclima.com.br\/wp-content\/uploads\/2021\/10\/instalacao_2-1024x405.jpg 1024w, https:\/\/microclima.com.br\/wp-content\/uploads\/2021\/10\/instalacao_2-768x304.jpg 768w, https:\/\/microclima.com.br\/wp-content\/uploads\/2021\/10\/instalacao_2-570x225.jpg 570w, https:\/\/microclima.com.br\/wp-content\/uploads\/2021\/10\/instalacao_2-380x150.jpg 380w, https:\/\/microclima.com.br\/wp-content\/uploads\/2021\/10\/instalacao_2-296x117.jpg 296w, https:\/\/microclima.com.br\/wp-content\/uploads\/2021\/10\/instalacao_2.jpg 1920w\" sizes=\"auto, (max-width: 1536px) 100vw, 1536px\" \/>\t\t\t\t\t\t\t\t\t\t\t\t\t\t<\/div>\n\t\t\t\t\t\t<\/div>\n\t\t\t\t<\/div>\n\t\t\t\t\t\t<\/div>\n\t\t\t\t\t<\/div>\n\t\t<\/div>\n\t\t\t\t\t\t\t\t<\/div>\n\t\t\t\t\t<\/div>\n\t\t<\/section>\n\t\t\t\t\t\t<\/div>\n\t\t\t\t\t<\/div>\n\t\t<\/div>\n\t\t\t\t\t\t\t\t<\/div>\n\t\t\t\t\t<\/div>\n\t\t<\/section>\n\t\t\t\t<section class=\"elementor-section elementor-top-section elementor-element elementor-element-4a0160c elementor-section-boxed elementor-section-height-default elementor-section-height-default\" data-id=\"4a0160c\" data-element_type=\"section\">\n\t\t\t\t\t\t<div class=\"elementor-container elementor-column-gap-default\">\n\t\t\t\t\t\t\t<div class=\"elementor-row\">\n\t\t\t\t\t<div class=\"elementor-column elementor-col-100 elementor-top-column elementor-element elementor-element-bffdc80\" data-id=\"bffdc80\" data-element_type=\"column\">\n\t\t\t<div class=\"elementor-column-wrap elementor-element-populated\">\n\t\t\t\t\t\t\t<div class=\"elementor-widget-wrap\">\n\t\t\t\t\t\t<section class=\"elementor-section elementor-inner-section elementor-element elementor-element-b3627c8 elementor-section-boxed elementor-section-height-default elementor-section-height-default\" data-id=\"b3627c8\" data-element_type=\"section\">\n\t\t\t\t\t\t<div class=\"elementor-container elementor-column-gap-default\">\n\t\t\t\t\t\t\t<div class=\"elementor-row\">\n\t\t\t\t\t<div class=\"elementor-column elementor-col-33 elementor-inner-column elementor-element elementor-element-ef99dbc\" data-id=\"ef99dbc\" data-element_type=\"column\">\n\t\t\t<div class=\"elementor-column-wrap\">\n\t\t\t\t\t\t\t<div class=\"elementor-widget-wrap\">\n\t\t\t\t\t\t\t\t<\/div>\n\t\t\t\t\t<\/div>\n\t\t<\/div>\n\t\t\t\t<div class=\"elementor-column elementor-col-33 elementor-inner-column elementor-element elementor-element-1e4c368\" data-id=\"1e4c368\" data-element_type=\"column\">\n\t\t\t<div class=\"elementor-column-wrap elementor-element-populated\">\n\t\t\t\t\t\t\t<div class=\"elementor-widget-wrap\">\n\t\t\t\t\t\t<div class=\"elementor-element elementor-element-db15ae5 elementor-widget elementor-widget-heading\" data-id=\"db15ae5\" data-element_type=\"widget\" data-widget_type=\"heading.default\">\n\t\t\t\t<div class=\"elementor-widget-container\">\n\t\t\t<h3 class=\"elementor-heading-title elementor-size-default\">Adicione o texto do seu t\u00edtulo aqui<\/h3>\t\t<\/div>\n\t\t\t\t<\/div>\n\t\t\t\t\t\t<\/div>\n\t\t\t\t\t<\/div>\n\t\t<\/div>\n\t\t\t\t<div class=\"elementor-column elementor-col-33 elementor-inner-column elementor-element elementor-element-6661994\" data-id=\"6661994\" data-element_type=\"column\">\n\t\t\t<div class=\"elementor-column-wrap\">\n\t\t\t\t\t\t\t<div class=\"elementor-widget-wrap\">\n\t\t\t\t\t\t\t\t<\/div>\n\t\t\t\t\t<\/div>\n\t\t<\/div>\n\t\t\t\t\t\t\t\t<\/div>\n\t\t\t\t\t<\/div>\n\t\t<\/section>\n\t\t\t\t\t\t<\/div>\n\t\t\t\t\t<\/div>\n\t\t<\/div>\n\t\t\t\t\t\t\t\t<\/div>\n\t\t\t\t\t<\/div>\n\t\t<\/section>\n\t\t\t\t<section class=\"elementor-section elementor-top-section elementor-element elementor-element-d718806 elementor-section-boxed elementor-section-height-default elementor-section-height-default\" data-id=\"d718806\" data-element_type=\"section\" data-settings=\"{&quot;background_background&quot;:&quot;classic&quot;}\">\n\t\t\t\t\t\t<div class=\"elementor-container elementor-column-gap-default\">\n\t\t\t\t\t\t\t<div class=\"elementor-row\">\n\t\t\t\t\t<div class=\"elementor-column elementor-col-100 elementor-top-column elementor-element elementor-element-5431980\" data-id=\"5431980\" data-element_type=\"column\">\n\t\t\t<div class=\"elementor-column-wrap elementor-element-populated\">\n\t\t\t\t\t\t\t<div class=\"elementor-widget-wrap\">\n\t\t\t\t\t\t<section class=\"elementor-section elementor-inner-section elementor-element elementor-element-a458ca4 elementor-section-boxed elementor-section-height-default elementor-section-height-default\" data-id=\"a458ca4\" data-element_type=\"section\">\n\t\t\t\t\t\t<div class=\"elementor-container elementor-column-gap-default\">\n\t\t\t\t\t\t\t<div class=\"elementor-row\">\n\t\t\t\t\t<div class=\"elementor-column elementor-col-100 elementor-inner-column elementor-element elementor-element-de49685\" data-id=\"de49685\" data-element_type=\"column\">\n\t\t\t<div class=\"elementor-column-wrap elementor-element-populated\">\n\t\t\t\t\t\t\t<div class=\"elementor-widget-wrap\">\n\t\t\t\t\t\t<div class=\"elementor-element elementor-element-069de8f elementor-widget elementor-widget-text-editor\" data-id=\"069de8f\" data-element_type=\"widget\" data-widget_type=\"text-editor.default\">\n\t\t\t\t<div class=\"elementor-widget-container\">\n\t\t\t\t\t\t\t\t<div class=\"elementor-text-editor elementor-clearfix\">\n\t\t\t\t<p><span style=\"font-family: teko; font-size: 30px; color: #fff; text-transform: uppercase;\">Instala\u00e7\u00e3o<\/span><\/p><p>Mais que comprar um ar condicionado de qualidade, \u00e9 importante pensar em uma equipe\u00a0qualificada para instala\u00e7\u00e3o do seu equipamento novo.<\/p><p>A Instala\u00e7\u00e3o de Ar Condicionado com equipe t\u00e9cnica credenciada, traz a certeza de um bom funcionamento e valida\u00e7\u00e3o da garantia do fabricante. Pense bem antes de contratar um instalador.<\/p><p>Possu\u00edmos equipe t\u00e9cnica especializada, qualificadas e com o padr\u00e3o Microclima, com mais de 25 anos de experi\u00eancia no mercado e know-how t\u00e9cnico de mais de 30 anos.<\/p><p>Instalamos todos os tipos de sistema de ar condicionado, como os Sistemas Multi-Split, Split Convencional, Split Inverter,\u00a0Sistemas\u00a0Fan-coil,\u00a0Dutos e sistema VRF.<\/p><p>Quanto a sua instala\u00e7\u00e3o, lembramos que algumas informa\u00e7\u00f5es s\u00e3o extremamente importantes.<\/p><p>Os aparelhos de ar-condicionado fixos possuem duas unidades: a interna e a externa. A unidade externa \u00e9 a unidade que fica fora do ambiente onde o ar condicionado vai climatizar. Conhecida como unidade condensadora, ela \u00e9 respons\u00e1vel por condensar o g\u00e1s refrigerante que se evaporou ao trocar calor no processo de refrigera\u00e7\u00e3o.<\/p><p>Sugere-se, que dentro do poss\u00edvel, essa unidade externa n\u00e3o fique em um ambiente sujeito a corros\u00e3o, maresia, chuva ou poeira. Caso tenha um outro equipamento de ar condicionado pr\u00f3ximo, recomenda-se a dist\u00e2ncia m\u00ednima de 10 cent\u00edmetros de ambos os lados e de 70 cent\u00edmetros da parte da frente.\u200b<\/p><p>A unidade interna \u00e9 a parte do aparelho por onde o ar condicionado sai. Conhecida como unidade evaporadora, ela \u00e9 conectada aos dutos de refrigera\u00e7\u00e3o para distribuir o ar resfriado em um ou mais c\u00f4modos da casa. Essa parte deve ficar posicionada a uma altura m\u00ednima e centralizada no ambiente, para que o ar circule de forma melhor. A altura ideal deve ser entre 1.50 e 1.80 metros de altura.<\/p><p>A escolha dos locais no im\u00f3vel onde ser\u00e3o instalados os aparelhos s\u00e3o fundamentais. Eles ter\u00e3o influ\u00eancia no funcionamento e no custo das instala\u00e7\u00f5es.<\/p><p>A Microclima tamb\u00e9m faz a manuten\u00e7\u00e3o de aparelhos, vende os materiais para instala\u00e7\u00e3o, sempre sob as normas do contrato de PMOC.<\/p><p>Entre em contato\u00a0conosco e agende uma visita.<\/p>\t\t\t\t\t<\/div>\n\t\t\t\t\t\t<\/div>\n\t\t\t\t<\/div>\n\t\t\t\t\t\t<\/div>\n\t\t\t\t\t<\/div>\n\t\t<\/div>\n\t\t\t\t\t\t\t\t<\/div>\n\t\t\t\t\t<\/div>\n\t\t<\/section>\n\t\t\t\t\t\t<\/div>\n\t\t\t\t\t<\/div>\n\t\t<\/div>\n\t\t\t\t\t\t\t\t<\/div>\n\t\t\t\t\t<\/div>\n\t\t<\/section>\n\t\t\t\t\t\t<\/div>\n\t\t\t\t\t\t<\/div>\n\t\t\t\t\t<\/div>\n\t\t","protected":false},"excerpt":{"rendered":"<p>instala\u00e7\u00e3o de Ar Condicionado Um bom equipamento exige equipe\u00a0qualificada para instala\u00e7\u00e3o. Adicione o texto do seu t\u00edtulo aqui Instala\u00e7\u00e3o Mais que comprar um ar condicionado de qualidade, \u00e9 importante pensar em uma equipe\u00a0qualificada para instala\u00e7\u00e3o do seu equipamento novo. A Instala\u00e7\u00e3o de Ar Condicionado com equipe t\u00e9cnica credenciada, traz a certeza de um bom funcionamento [&hellip;]<\/p>\n","protected":false},"author":1,"featured_media":0,"parent":0,"menu_order":0,"comment_status":"closed","ping_status":"closed","template":"elementor_header_footer","meta":{"footnotes":""},"class_list":["post-4038","page","type-page","status-publish","hentry"],"_links":{"self":[{"href":"https:\/\/microclima.com.br\/index.php\/wp-json\/wp\/v2\/pages\/4038","targetHints":{"allow":["GET"]}}],"collection":[{"href":"https:\/\/microclima.com.br\/index.php\/wp-json\/wp\/v2\/pages"}],"about":[{"href":"https:\/\/microclima.com.br\/index.php\/wp-json\/wp\/v2\/types\/page"}],"author":[{"embeddable":true,"href":"https:\/\/microclima.com.br\/index.php\/wp-json\/wp\/v2\/users\/1"}],"replies":[{"embeddable":true,"href":"https:\/\/microclima.com.br\/index.php\/wp-json\/wp\/v2\/comments?post=4038"}],"version-history":[{"count":4,"href":"https:\/\/microclima.com.br\/index.php\/wp-json\/wp\/v2\/pages\/4038\/revisions"}],"predecessor-version":[{"id":4043,"href":"https:\/\/microclima.com.br\/index.php\/wp-json\/wp\/v2\/pages\/4038\/revisions\/4043"}],"wp:attachment":[{"href":"https:\/\/microclima.com.br\/index.php\/wp-json\/wp\/v2\/media?parent=4038"}],"curies":[{"name":"wp","href":"https:\/\/api.w.org\/{rel}","templated":true}]}}